{"id":2,"date":"2019-07-25T15:35:38","date_gmt":"2019-07-25T13:35:38","guid":{"rendered":"http:\/\/www.footprintsinthesand.de\/?page_id=2"},"modified":"2021-04-03T19:29:54","modified_gmt":"2021-04-03T17:29:54","slug":"ueber-mich","status":"publish","type":"page","link":"https:\/\/www.footprintsinthesand.de\/index.php\/ueber-mich\/","title":{"rendered":"\u00dcber mich"},"content":{"rendered":"\n<blockquote class=\"wp-block-quote is-layout-flow wp-block-quote-is-layout-flow\"><p> &#8222;We are travelers, constantly moving forward, and looking back. Alone  and as one.  We have no choice but to try for our insatiable curiosity,  for our fear in what should happen if we don&#8217;t.&#8220; <\/p><cite>  Commander Shepard,  Mass Effect  <\/cite><\/blockquote>\n\n\n\n<p>Tierfreund, Buchliebhaber, Eisfetischist, Nicht-ganz-in-eine-Schublade-reinpassend, Sarkasmusanh\u00e4nger, schnell gelangweilt, aber auch furchtbar wissbegierig, Pastafari, Motten- und B\u00e4rmommy, Kunstliebhaber, Musiks\u00fcchtig, mit 40 noch mal durchstartend und ab ins Auslandssemester?<\/p>\n\n\n\n<p>Bin ich verr\u00fcckt? Yes, I am! Aufgeben gibt es nicht!<\/p>\n","protected":false},"excerpt":{"rendered":"<p>&#8222;We are travelers, constantly moving forward, and looking back. Alone and as one. We have no choice but to try for our insatiable curiosity, for our fear in what should happen if we don&#8217;t.&#8220; Commander Shepard, Mass Effect Tierfreund, Buchliebhaber, Eisfetischist, Nicht-ganz-in-eine-Schublade-reinpassend, Sarkasmusanh\u00e4nger, schnell gelangweilt, aber auch furchtbar wissbegierig, Pastafari, Motten- und B\u00e4rmommy, Kunstliebhaber, Musiks\u00fcchtig, &hellip; <a href=\"https:\/\/www.footprintsinthesand.de\/index.php\/ueber-mich\/\" class=\"more-link\"><span class=\"screen-reader-text\">\u201e\u00dcber mich\u201c<\/span> weiterlesen<\/a><\/p>\n","protected":false},"author":2,"featured_media":0,"parent":0,"menu_order":0,"comment_status":"closed","ping_status":"closed","template":"","meta":{"footnotes":""},"jetpack_sharing_enabled":true,"_links":{"self":[{"href":"https:\/\/www.footprintsinthesand.de\/index.php\/wp-json\/wp\/v2\/pages\/2"}],"collection":[{"href":"https:\/\/www.footprintsinthesand.de\/index.php\/wp-json\/wp\/v2\/pages"}],"about":[{"href":"https:\/\/www.footprintsinthesand.de\/index.php\/wp-json\/wp\/v2\/types\/page"}],"author":[{"embeddable":true,"href":"https:\/\/www.footprintsinthesand.de\/index.php\/wp-json\/wp\/v2\/users\/2"}],"replies":[{"embeddable":true,"href":"https:\/\/www.footprintsinthesand.de\/index.php\/wp-json\/wp\/v2\/comments?post=2"}],"version-history":[{"count":4,"href":"https:\/\/www.footprintsinthesand.de\/index.php\/wp-json\/wp\/v2\/pages\/2\/revisions"}],"predecessor-version":[{"id":826,"href":"https:\/\/www.footprintsinthesand.de\/index.php\/wp-json\/wp\/v2\/pages\/2\/revisions\/826"}],"wp:attachment":[{"href":"https:\/\/www.footprintsinthesand.de\/index.php\/wp-json\/wp\/v2\/media?parent=2"}],"curies":[{"name":"wp","href":"https:\/\/api.w.org\/{rel}","templated":true}]}}